{"id":440,"date":"2021-01-27T08:21:45","date_gmt":"2021-01-27T08:21:45","guid":{"rendered":"http:\/\/olgabussinello.it\/privacy-policy\/"},"modified":"2021-10-04T07:46:30","modified_gmt":"2021-10-04T07:46:30","slug":"privacy-policy","status":"publish","type":"page","link":"https:\/\/olgabussinello.it\/en\/privacy-policy\/","title":{"rendered":"Privacy Policy"},"content":{"rendered":"\n<h3>Chi siamo<\/h3>\n\n\n\n<p>Il mio sito \u00e8: http:\/\/olgabussinello.it.<\/p>\n\n\n\n<h3>Quali dati conserviamo e per quanto tempo<\/h3>\n\n\n\n<p>Fra i Dati Personali raccolti da olgabussinello.it. in modo autonomo o tramite terze parti, ci sono: Dati di utilizzo; Cookie; email; nome; Dati comunicati durante l&#8217;utilizzo del servizio; identificatori univoci di dispositivi per la pubblicit\u00e0 (Google Analytics o identificatore IDFA, per esempio).<\/p>\n\n\n\n<p>Dettagli completi su ciascuna tipologia di dati raccolti sono forniti nelle sezioni dedicate di questa privacy policy o mediante specifici testi informativi visualizzati prima della raccolta dei dati stessi.<br>I Dati Personali possono essere liberamente forniti dall&#8217;Utente o, nel caso di Dati di Utilizzo, raccolti automaticamente durante l&#8217;uso di olgabussinello.it.<br>Se non diversamente specificato, tutti i Dati richiesti da sono obbligatori. Se l\u2019Utente rifiuta di comunicarli, potrebbe essere impossibile per olgabussinello.it fornire il Servizio. Nei casi in cui olgabussinello.it indichi alcuni Dati come facoltativi, gli Utenti sono liberi di astenersi dal comunicare tali Dati, senza che ci\u00f2 abbia alcuna conseguenza sulla disponibilit\u00e0 del Servizio o sulla sua operativit\u00e0.<br><br>Gli Utenti che dovessero avere dubbi su quali Dati siano obbligatori, sono incoraggiati a contattare il Titolare.<br>L\u2019eventuale utilizzo di Cookie &#8211; o di altri strumenti di tracciamento, ove non diversamente precisato, ha la finalit\u00e0 di fornire il Servizio richiesto dall&#8217;Utente, oltre alle ulteriori finalit\u00e0 descritte nel presente documento e nella Cookie Policy, se disponibile.<\/p>\n\n\n\n<p>L&#8217;Utente si assume la responsabilit\u00e0 dei Dati Personali di terzi ottenuti, pubblicati o condivisi mediante www.olgabussinello.it e garantisce di avere il diritto di comunicarli o diffonderli, liberando il Titolare da qualsiasi responsabilit\u00e0 verso terzi.<\/p>\n\n\n\n<h4>Cookies<\/h4>\n\n\n\n<p id=\"tw-target-text\">Leggi la <a href=\"http:\/\/olgabussinello.it\/cookie-policy\/\" data-type=\"page\" data-id=\"133\">cookie policy<\/a>. Puoi modificare o revocare il consenso in ogni momento.<\/p>\n\n\n\n<h4>Analytics<\/h4>\n\n\n\n<p id=\"tw-target-text\">Se richiedi una reimpostazione della password, il tuo indirizzo IP verr\u00e0 incluso nell&#8217;e-mail di reimpostazione.<\/p>\n\n\n\n<h4 id=\"tw-target-text\">Per quanto tempo conserviamo i tuoi dati<\/h4>\n\n\n\n<p id=\"tw-target-text\">Per gli utenti che si registrano sul nostro sito web (se presenti), memorizziamo anche le informazioni personali che forniscono nel loro profilo utente. Tutti gli utenti possono vedere, modificare o eliminare le proprie informazioni personali in qualsiasi momento (tranne che non possono modificare il proprio nome utente). Gli amministratori del sito web possono anche vedere e modificare queste informazioni.<\/p>\n","protected":false},"excerpt":{"rendered":"<p>Chi siamo Il mio sito \u00e8: http:\/\/olgabussinello.it. Quali dati conserviamo e per quanto tempo Fra i Dati Personali raccolti da olgabussinello.it. in modo autonomo o tramite terze parti, ci sono: Dati di utilizzo; Cookie; email; nome; Dati comunicati durante l&#8217;utilizzo del servizio; identificatori univoci di dispositivi per la pubblicit\u00e0 (Google Analytics o identificatore IDFA, per esempio). Dettagli completi su ciascuna tipologia di dati raccolti sono forniti nelle sezioni dedicate di questa privacy policy o mediante specifici testi informativi visualizzati prima<span class=\"excerpt-hellip\"> [\u2026]<\/span><\/p>\n","protected":false},"author":1,"featured_media":0,"parent":0,"menu_order":0,"comment_status":"closed","ping_status":"closed","template":"","meta":[],"yoast_head":"<!-- This site is optimized with the Yoast SEO plugin v20.6 - https:\/\/yoast.com\/wordpress\/plugins\/seo\/ -->\n<title>Privacy Policy - Olga Bussinello<\/title>\n<meta name=\"description\" content=\"Sezione dedicata alla privacy policy del sito olgabussinello.it\" \/>\n<meta name=\"robots\" content=\"index, follow, max-snippet:-1, max-image-preview:large, max-video-preview:-1\" \/>\n<link rel=\"canonical\" href=\"https:\/\/olgabussinello.it\/en\/privacy-policy\/\" \/>\n<meta property=\"og:locale\" content=\"en_US\" \/>\n<meta property=\"og:type\" content=\"article\" \/>\n<meta property=\"og:title\" content=\"Privacy Policy - Olga Bussinello\" \/>\n<meta property=\"og:description\" content=\"Sezione dedicata alla privacy policy del sito olgabussinello.it\" \/>\n<meta property=\"og:url\" content=\"https:\/\/olgabussinello.it\/en\/privacy-policy\/\" \/>\n<meta property=\"og:site_name\" content=\"Olga Bussinello\" \/>\n<meta property=\"article:modified_time\" content=\"2021-10-04T07:46:30+00:00\" \/>\n<meta property=\"og:image\" content=\"https:\/\/olgabussinello.it\/wp-content\/uploads\/2021\/02\/olga-immagine-chi-sono-2.jpg\" \/>\n\t<meta property=\"og:image:width\" content=\"600\" \/>\n\t<meta property=\"og:image:height\" content=\"600\" \/>\n\t<meta property=\"og:image:type\" content=\"image\/jpeg\" \/>\n<meta name=\"twitter:card\" content=\"summary_large_image\" \/>\n<meta name=\"twitter:label1\" content=\"Est. reading time\" \/>\n\t<meta name=\"twitter:data1\" content=\"2 minutes\" \/>\n<script type=\"application\/ld+json\" class=\"yoast-schema-graph\">{\"@context\":\"https:\/\/schema.org\",\"@graph\":[{\"@type\":\"WebPage\",\"@id\":\"https:\/\/olgabussinello.it\/en\/privacy-policy\/\",\"url\":\"https:\/\/olgabussinello.it\/en\/privacy-policy\/\",\"name\":\"Privacy Policy - Olga Bussinello\",\"isPartOf\":{\"@id\":\"https:\/\/olgabussinello.it\/#website\"},\"datePublished\":\"2021-01-27T08:21:45+00:00\",\"dateModified\":\"2021-10-04T07:46:30+00:00\",\"description\":\"Sezione dedicata alla privacy policy del sito olgabussinello.it\",\"breadcrumb\":{\"@id\":\"https:\/\/olgabussinello.it\/en\/privacy-policy\/#breadcrumb\"},\"inLanguage\":\"en-US\",\"potentialAction\":[{\"@type\":\"ReadAction\",\"target\":[\"https:\/\/olgabussinello.it\/en\/privacy-policy\/\"]}]},{\"@type\":\"BreadcrumbList\",\"@id\":\"https:\/\/olgabussinello.it\/en\/privacy-policy\/#breadcrumb\",\"itemListElement\":[{\"@type\":\"ListItem\",\"position\":1,\"name\":\"Home\",\"item\":\"https:\/\/olgabussinello.it\/en\/\"},{\"@type\":\"ListItem\",\"position\":2,\"name\":\"Privacy Policy\"}]},{\"@type\":\"WebSite\",\"@id\":\"https:\/\/olgabussinello.it\/#website\",\"url\":\"https:\/\/olgabussinello.it\/\",\"name\":\"Olga Bussinello\",\"description\":\"Brand Advisor\",\"publisher\":{\"@id\":\"https:\/\/olgabussinello.it\/#\/schema\/person\/cfbcbbec9711a35a90458dda7a408826\"},\"potentialAction\":[{\"@type\":\"SearchAction\",\"target\":{\"@type\":\"EntryPoint\",\"urlTemplate\":\"https:\/\/olgabussinello.it\/?s={search_term_string}\"},\"query-input\":\"required name=search_term_string\"}],\"inLanguage\":\"en-US\"},{\"@type\":[\"Person\",\"Organization\"],\"@id\":\"https:\/\/olgabussinello.it\/#\/schema\/person\/cfbcbbec9711a35a90458dda7a408826\",\"name\":\"Olga Bussinello\",\"logo\":{\"@id\":\"https:\/\/olgabussinello.it\/#\/schema\/person\/image\/\"}}]}<\/script>\n<!-- \/ Yoast SEO plugin. -->","yoast_head_json":{"title":"Privacy Policy - Olga Bussinello","description":"Sezione dedicata alla privacy policy del sito olgabussinello.it","robots":{"index":"index","follow":"follow","max-snippet":"max-snippet:-1","max-image-preview":"max-image-preview:large","max-video-preview":"max-video-preview:-1"},"canonical":"https:\/\/olgabussinello.it\/en\/privacy-policy\/","og_locale":"en_US","og_type":"article","og_title":"Privacy Policy - Olga Bussinello","og_description":"Sezione dedicata alla privacy policy del sito olgabussinello.it","og_url":"https:\/\/olgabussinello.it\/en\/privacy-policy\/","og_site_name":"Olga Bussinello","article_modified_time":"2021-10-04T07:46:30+00:00","og_image":[{"width":600,"height":600,"url":"https:\/\/olgabussinello.it\/wp-content\/uploads\/2021\/02\/olga-immagine-chi-sono-2.jpg","type":"image\/jpeg"}],"twitter_card":"summary_large_image","twitter_misc":{"Est. reading time":"2 minutes"},"schema":{"@context":"https:\/\/schema.org","@graph":[{"@type":"WebPage","@id":"https:\/\/olgabussinello.it\/en\/privacy-policy\/","url":"https:\/\/olgabussinello.it\/en\/privacy-policy\/","name":"Privacy Policy - Olga Bussinello","isPartOf":{"@id":"https:\/\/olgabussinello.it\/#website"},"datePublished":"2021-01-27T08:21:45+00:00","dateModified":"2021-10-04T07:46:30+00:00","description":"Sezione dedicata alla privacy policy del sito olgabussinello.it","breadcrumb":{"@id":"https:\/\/olgabussinello.it\/en\/privacy-policy\/#breadcrumb"},"inLanguage":"en-US","potentialAction":[{"@type":"ReadAction","target":["https:\/\/olgabussinello.it\/en\/privacy-policy\/"]}]},{"@type":"BreadcrumbList","@id":"https:\/\/olgabussinello.it\/en\/privacy-policy\/#breadcrumb","itemListElement":[{"@type":"ListItem","position":1,"name":"Home","item":"https:\/\/olgabussinello.it\/en\/"},{"@type":"ListItem","position":2,"name":"Privacy Policy"}]},{"@type":"WebSite","@id":"https:\/\/olgabussinello.it\/#website","url":"https:\/\/olgabussinello.it\/","name":"Olga Bussinello","description":"Brand Advisor","publisher":{"@id":"https:\/\/olgabussinello.it\/#\/schema\/person\/cfbcbbec9711a35a90458dda7a408826"},"potentialAction":[{"@type":"SearchAction","target":{"@type":"EntryPoint","urlTemplate":"https:\/\/olgabussinello.it\/?s={search_term_string}"},"query-input":"required name=search_term_string"}],"inLanguage":"en-US"},{"@type":["Person","Organization"],"@id":"https:\/\/olgabussinello.it\/#\/schema\/person\/cfbcbbec9711a35a90458dda7a408826","name":"Olga Bussinello","logo":{"@id":"https:\/\/olgabussinello.it\/#\/schema\/person\/image\/"}}]}},"_links":{"self":[{"href":"https:\/\/olgabussinello.it\/en\/wp-json\/wp\/v2\/pages\/440"}],"collection":[{"href":"https:\/\/olgabussinello.it\/en\/wp-json\/wp\/v2\/pages"}],"about":[{"href":"https:\/\/olgabussinello.it\/en\/wp-json\/wp\/v2\/types\/page"}],"author":[{"embeddable":true,"href":"https:\/\/olgabussinello.it\/en\/wp-json\/wp\/v2\/users\/1"}],"replies":[{"embeddable":true,"href":"https:\/\/olgabussinello.it\/en\/wp-json\/wp\/v2\/comments?post=440"}],"version-history":[{"count":1,"href":"https:\/\/olgabussinello.it\/en\/wp-json\/wp\/v2\/pages\/440\/revisions"}],"predecessor-version":[{"id":442,"href":"https:\/\/olgabussinello.it\/en\/wp-json\/wp\/v2\/pages\/440\/revisions\/442"}],"wp:attachment":[{"href":"https:\/\/olgabussinello.it\/en\/wp-json\/wp\/v2\/media?parent=440"}],"curies":[{"name":"wp","href":"https:\/\/api.w.org\/{rel}","templated":true}]}}